{"id":103,"date":"2023-10-30T12:50:42","date_gmt":"2023-10-30T11:50:42","guid":{"rendered":"https:\/\/vmi1484732.contaboserver.net\/?page_id=103"},"modified":"2023-10-30T12:53:57","modified_gmt":"2023-10-30T11:53:57","slug":"touren","status":"publish","type":"page","link":"https:\/\/quadevents.ch\/index.php\/touren\/","title":{"rendered":"Touren"},"content":{"rendered":"\n<p>Unser Tourenangebot :<\/p>\n\n\n\n<p>Start der Touren bei Quadtouren Berner Oberland, B\u00f6nigstrasse 9a, 3812 Wilderswil bei Interlaken. Nach einem Erfrischungsgetr\u00e4nk folgt eine Einweisung in das F\u00fchren der Fahrzeuge durch den Tourenverantwortlichen. Helme und Handschuhe stehen kostenlos zur Verf\u00fcgung. Bitte unbedingt F\u00fchrerscheine&nbsp; mitbringen. Dann w\u00fcnschen wir viel Spass auf einem unseren tollen Aufl\u00fcge!<\/p>\n\n\n\n<p><\/p>\n\n\n\n<p><\/p>\n\n\n\n<p><strong>Grillplausch Quadtour<\/strong><\/p>\n\n\n\n<p>Buche die Grillplausch Quadtour und geniesse unterwegs ein feines Essen vom Grill! Neu im Angebot f\u00fchren wir einen Quadanh\u00e4nger mit integriertem Grill und Foodstation. Beim Halt in sch\u00f6nster Berglandschaft bereiten wir das Essen direkt auf dem Grill zu.<\/p>\n\n\n\n<p>Guten Appetit!<\/p>\n\n\n\n<p>Preis auf Anfrage.<\/p>\n\n\n\n<figure class=\"wp-block-image size-full\"><img loading=\"lazy\" decoding=\"async\" width=\"1024\" height=\"768\" src=\"https:\/\/vmi1484732.contaboserver.net\/wp-content\/uploads\/2023\/10\/quad-grill.jpg\" alt=\"\" class=\"wp-image-81\" srcset=\"https:\/\/quadevents.ch\/wp-content\/uploads\/2023\/10\/quad-grill.jpg 1024w, https:\/\/quadevents.ch\/wp-content\/uploads\/2023\/10\/quad-grill-300x225.jpg 300w, https:\/\/quadevents.ch\/wp-content\/uploads\/2023\/10\/quad-grill-768x576.jpg 768w\" sizes=\"auto, (max-width: 1024px) 100vw, 1024px\" \/><\/figure>\n\n\n\n<p><strong>\u00a0<\/strong><\/p>\n\n\n\n<p><strong><br>Beatenbergtour<\/strong><\/p>\n\n\n\n<p>Der Ausflug f\u00fchrt uns hoch \u00fcber den Thunersee nach Beatenberg mit einer einzigartigen Aussicht \u00fcber Thunersee&nbsp;und den schneebedeckten Alpen im Hintergrund.<\/p>\n\n\n\n<p><br>Dauer&nbsp;etwa 3 &#8211; 3 1\/2 Std. Preis 195.- pro Person inkl. Benzin, 1 Quad, 1 Getr\u00e4nk, F\u00fchrer.<br>( Mitfahrer 70.- )&nbsp;<br><br><br><br><img loading=\"lazy\" decoding=\"async\" width=\"200\" height=\"150\" class=\"wp-image-80\" style=\"width: 200px;\" src=\"https:\/\/vmi1484732.contaboserver.net\/wp-content\/uploads\/2023\/10\/quadfun.jpg\" alt=\"\" srcset=\"https:\/\/quadevents.ch\/wp-content\/uploads\/2023\/10\/quadfun.jpg 800w, https:\/\/quadevents.ch\/wp-content\/uploads\/2023\/10\/quadfun-300x225.jpg 300w, https:\/\/quadevents.ch\/wp-content\/uploads\/2023\/10\/quadfun-768x576.jpg 768w\" sizes=\"auto, (max-width: 200px) 100vw, 200px\" \/><\/p>\n\n\n\n<p><\/p>\n\n\n\n<p><\/p>\n\n\n\n<p><strong>Berner\u00a0Oberlandtour<\/strong><\/p>\n\n\n\n<p>Abwechslungsreiche Fahrt in der Region auf Privat und Naturstrassen! Auf der Alp gibt es die M\u00f6glichkeit Bergk\u00e4se direkt beim Bauern zu kaufen!<\/p>\n\n\n\n<p><br>Dauer&nbsp;etwa&nbsp;3 Std. Preis 185.- pro Person inkl. Benzin, 1 Quad, 1 Getr\u00e4nk, F\u00fchrer.<br>( Mitfahrer 70.- )<\/p>\n\n\n\n<p><br><br><strong>Panoramatour<\/strong>&nbsp;<br><br>Der Ausflug f\u00fchrt uns&nbsp;\u00fcber Habkern richtung Beatenberg auf einer Privatstrasse durch gr\u00fcne Wiesen und&nbsp;W\u00e4lder!&nbsp;An den sch\u00f6nsten Aussichtspunkten legen wir kleine Pausen ein um das Panorama zu&nbsp;bestaunen!&nbsp;<\/p>\n\n\n\n<p><br>Dauer&nbsp;etwa&nbsp;3 1\/2&nbsp;Std. Preis 200.- pro Person inkl. Benzin, 1 Quad, 1 Getr\u00e4nk, F\u00fchrer.<br>( Mitfahrer 70.- )&nbsp;<br><br><img loading=\"lazy\" decoding=\"async\" width=\"200\" height=\"150\" class=\"wp-image-51\" style=\"width: 200px;\" src=\"https:\/\/vmi1484732.contaboserver.net\/wp-content\/uploads\/2023\/10\/beatenberg-quad.jpg\" alt=\"\" srcset=\"https:\/\/quadevents.ch\/wp-content\/uploads\/2023\/10\/beatenberg-quad.jpg 640w, https:\/\/quadevents.ch\/wp-content\/uploads\/2023\/10\/beatenberg-quad-300x225.jpg 300w\" sizes=\"auto, (max-width: 200px) 100vw, 200px\" \/><br><\/p>\n\n\n\n<p><br><strong><a><\/a>Bergtour&nbsp;<br><\/strong><\/p>\n\n\n\n<p>Die Fahrt f\u00fchrt im letzten Abschnitt \u00fcber eine Naturstrasse zur Alp Hintisberg auf ca. 1900 m \u00fc. M.! Lassen Sie sich vom \u00fcberw\u00e4ltigenden Panorama mit dem Dreigestirn Eiger, M\u00f6nch und Jungfrau beeindrucken. Bergriesen zum Greifen nah! Erleben Sie authentisches Alph\u00fcttenfeeling beim Senn nat\u00fcrlich mit Alpk\u00e4sedegustation und Durstl\u00f6scher w\u00e4hrend der Alpsaison. Anschliessend Talabfahrt.<br><br>Dauer&nbsp;etwa 3 1\/2 Std. Preis 220.- pro Person inkl. Benzin, 1 Quad, 1 Getr\u00e4nk, F\u00fchrer.<br>( Mitfahrer 70.- )<br><\/p>\n\n\n\n<figure class=\"wp-block-image size-full\"><img loading=\"lazy\" decoding=\"async\" width=\"1024\" height=\"723\" src=\"https:\/\/vmi1484732.contaboserver.net\/wp-content\/uploads\/2023\/10\/berg.jpg\" alt=\"\" class=\"wp-image-52\" srcset=\"https:\/\/quadevents.ch\/wp-content\/uploads\/2023\/10\/berg.jpg 1024w, https:\/\/quadevents.ch\/wp-content\/uploads\/2023\/10\/berg-300x212.jpg 300w, https:\/\/quadevents.ch\/wp-content\/uploads\/2023\/10\/berg-768x542.jpg 768w\" sizes=\"auto, (max-width: 1024px) 100vw, 1024px\" \/><\/figure>\n\n\n\n<p><\/p>\n\n\n\n<p><\/p>\n\n\n\n<p><strong>Quadventure (Quadfahren und Monstertrotti)<\/strong><\/p>\n\n\n\n<p>Auf dieser Tour erleben Sie eine abwechslungsreiche Quadfahrt mit See- und Bergpanorama und eine Gondelfahrt in den Berner Alpen mit atemberaubender Sicht auf Eiger, M\u00f6nch und Jungfrau. Oben angekommen, fahren Sie mit dem Monstertrotti entweder rasant oder gem\u00fctlich zur Talstation! Dort stehen f\u00fcr Sie wieder die Quads f\u00fcr die R\u00fcckfahrt bereit!<\/p>\n\n\n\n<p>Dauer ca. 3.5 Std.<\/p>\n\n\n\n<p>Preise:<\/p>\n\n\n\n<p>Quadfahrer Fr. 215.&#8211;<\/p>\n\n\n\n<p>Mitfahrer Fr. 95.&#8211;<\/p>\n\n\n\n<p>Inkl. Gondelfahrt, Monstertrotti, Quadmiete mit Guide, Benzin, 1 Getr\u00e4nk, Helm, Handschuhe, Regenschutz<\/p>\n\n\n\n<figure class=\"wp-block-image size-full\"><img loading=\"lazy\" decoding=\"async\" width=\"640\" height=\"480\" src=\"https:\/\/vmi1484732.contaboserver.net\/wp-content\/uploads\/2023\/10\/monstertrotti-twister.jpg\" alt=\"\" class=\"wp-image-71\" srcset=\"https:\/\/quadevents.ch\/wp-content\/uploads\/2023\/10\/monstertrotti-twister.jpg 640w, https:\/\/quadevents.ch\/wp-content\/uploads\/2023\/10\/monstertrotti-twister-300x225.jpg 300w\" sizes=\"auto, (max-width: 640px) 100vw, 640px\" \/><\/figure>\n\n\n\n<p><\/p>\n\n\n\n<p><\/p>\n\n\n\n<p><\/p>\n\n\n\n<p><strong>Eigertour<br><\/strong><\/p>\n\n\n\n<p>Wir fahren bergauf&nbsp;durch gr\u00fcne Bergwiesen auf eine Alp mit tollem Ausblick auf die Jungfrau Bergkette! Im Bergrestaurant&nbsp;werden uns dann&nbsp;feine K\u00e4seschnitten serviert!&nbsp;<br><br>Dauer&nbsp;etwa 4 Std, Preis Fr. 295.- pro Person&nbsp;inkl. Quad 1 Person, F\u00fchrer, Nachtessen, 1 Soft-Getr\u00e4nk.<br>Weitere Person auf Quad 95.- Sfr. inkl. Nachtessen + 1 Soft-Getr\u00e4nk.<br><br>Abfahrt nur 17 Uhr 30<\/p>\n\n\n\n<figure class=\"wp-block-image size-full\"><img loading=\"lazy\" decoding=\"async\" width=\"1024\" height=\"768\" src=\"https:\/\/vmi1484732.contaboserver.net\/wp-content\/uploads\/2023\/10\/aussichtspunkt-quad.jpg\" alt=\"\" class=\"wp-image-50\" srcset=\"https:\/\/quadevents.ch\/wp-content\/uploads\/2023\/10\/aussichtspunkt-quad.jpg 1024w, https:\/\/quadevents.ch\/wp-content\/uploads\/2023\/10\/aussichtspunkt-quad-300x225.jpg 300w, https:\/\/quadevents.ch\/wp-content\/uploads\/2023\/10\/aussichtspunkt-quad-768x576.jpg 768w\" sizes=\"auto, (max-width: 1024px) 100vw, 1024px\" \/><\/figure>\n","protected":false},"excerpt":{"rendered":"<p>Unser Tourenangebot : Start der Touren bei Quadtouren Berner Oberland, B\u00f6nigstrasse 9a, 3812 Wilderswil bei Interlaken. Nach einem Erfrischungsgetr\u00e4nk folgt eine Einweisung in das F\u00fchren der Fahrzeuge durch den Tourenverantwortlichen. Helme und Handschuhe stehen kostenlos zur Verf\u00fcgung. Bitte unbedingt F\u00fchrerscheine&nbsp; mitbringen. Dann w\u00fcnschen wir viel Spass auf einem unseren tollen Aufl\u00fcge! Grillplausch Quadtour Buche die &#8230; <span class=\"more\"><a class=\"more-link\" href=\"https:\/\/quadevents.ch\/index.php\/touren\/\">[Read more&#8230;]<\/a><\/span><\/p>\n","protected":false},"author":1,"featured_media":0,"parent":0,"menu_order":0,"comment_status":"closed","ping_status":"closed","template":"","meta":{"footnotes":""},"class_list":["entry","page","publish","author-admin","post-103"],"_links":{"self":[{"href":"https:\/\/quadevents.ch\/index.php\/wp-json\/wp\/v2\/pages\/103","targetHints":{"allow":["GET"]}}],"collection":[{"href":"https:\/\/quadevents.ch\/index.php\/wp-json\/wp\/v2\/pages"}],"about":[{"href":"https:\/\/quadevents.ch\/index.php\/wp-json\/wp\/v2\/types\/page"}],"author":[{"embeddable":true,"href":"https:\/\/quadevents.ch\/index.php\/wp-json\/wp\/v2\/users\/1"}],"replies":[{"embeddable":true,"href":"https:\/\/quadevents.ch\/index.php\/wp-json\/wp\/v2\/comments?post=103"}],"version-history":[{"count":5,"href":"https:\/\/quadevents.ch\/index.php\/wp-json\/wp\/v2\/pages\/103\/revisions"}],"predecessor-version":[{"id":109,"href":"https:\/\/quadevents.ch\/index.php\/wp-json\/wp\/v2\/pages\/103\/revisions\/109"}],"wp:attachment":[{"href":"https:\/\/quadevents.ch\/index.php\/wp-json\/wp\/v2\/media?parent=103"}],"curies":[{"name":"wp","href":"https:\/\/api.w.org\/{rel}","templated":true}]}}