{"id":110,"date":"2023-10-30T13:39:51","date_gmt":"2023-10-30T12:39:51","guid":{"rendered":"https:\/\/vmi1484732.contaboserver.net\/?page_id=110"},"modified":"2023-10-30T13:39:51","modified_gmt":"2023-10-30T12:39:51","slug":"events","status":"publish","type":"page","link":"https:\/\/quadevents.ch\/index.php\/events\/","title":{"rendered":"Events"},"content":{"rendered":"\n<p>Unsere Quadtouren eigenen sich bestens f\u00fcr Firmenausfl\u00fcge und Vereinsanl\u00e4sse.<\/p>\n\n\n\n<p>Dank dem grossen Fahrzeugpark sind auch grosse Gruppen kein Problem f\u00fcr uns.<\/p>\n\n\n\n<p>Kombinieren Sie Ihren Quadausflug mit verschiedenen Optionen und bieten Sie Ihren Teilnehmern einen unvergesslichen Ausflug im einzigartigen Berner Oberland mit einmaliger Bergkulisse.<\/p>\n\n\n\n<p>F\u00fcr das Fahren des Quads ist ein F\u00fchrerschein der Kat. B (Auto erforderlich), Teilnehmer ohne F\u00fchrerschein k\u00f6nnen jedoch problemlos hinten auf dem Quad mitfahren.<\/p>\n\n\n\n<p>Verlangen Sie eine unverbindliche Offerte und lassen Sie sich von uns beraten.<\/p>\n\n\n\n<p>Hier eine kleine Auswahl von Kombinationsm\u00f6glichkeiten:<\/p>\n\n\n\n<p><strong>Trottibike<\/strong><\/p>\n\n\n\n<p><strong>Seilpark<\/strong><\/p>\n\n\n\n<p><strong>Pfeilbogenschiessen<\/strong><\/p>\n\n\n\n<p><strong>Wandern<\/strong><\/p>\n\n\n\n<p><strong>Grillieren<\/strong><\/p>\n\n\n\n<p><strong>First Flyer<\/strong><\/p>\n\n\n\n<p><strong>Flussfahrt<\/strong><\/p>\n\n\n\n<p><strong>Canyoning<\/strong><\/p>\n\n\n\n<p><strong>Bungyjumping<\/strong><\/p>\n\n\n\n<p><strong>Fallschirmspringen<\/strong><\/p>\n\n\n\n<p><strong>Alphornbl\u00e4ser<\/strong><\/p>\n","protected":false},"excerpt":{"rendered":"<p>Unsere Quadtouren eigenen sich bestens f\u00fcr Firmenausfl\u00fcge und Vereinsanl\u00e4sse. Dank dem grossen Fahrzeugpark sind auch grosse Gruppen kein Problem f\u00fcr uns. Kombinieren Sie Ihren Quadausflug mit verschiedenen Optionen und bieten Sie Ihren Teilnehmern einen unvergesslichen Ausflug im einzigartigen Berner Oberland mit einmaliger Bergkulisse. F\u00fcr das Fahren des Quads ist ein F\u00fchrerschein der Kat. B (Auto &#8230; <span class=\"more\"><a class=\"more-link\" href=\"https:\/\/quadevents.ch\/index.php\/events\/\">[Read more&#8230;]<\/a><\/span><\/p>\n","protected":false},"author":1,"featured_media":0,"parent":0,"menu_order":0,"comment_status":"closed","ping_status":"closed","template":"","meta":{"footnotes":""},"class_list":["entry","page","publish","author-admin","post-110"],"_links":{"self":[{"href":"https:\/\/quadevents.ch\/index.php\/wp-json\/wp\/v2\/pages\/110","targetHints":{"allow":["GET"]}}],"collection":[{"href":"https:\/\/quadevents.ch\/index.php\/wp-json\/wp\/v2\/pages"}],"about":[{"href":"https:\/\/quadevents.ch\/index.php\/wp-json\/wp\/v2\/types\/page"}],"author":[{"embeddable":true,"href":"https:\/\/quadevents.ch\/index.php\/wp-json\/wp\/v2\/users\/1"}],"replies":[{"embeddable":true,"href":"https:\/\/quadevents.ch\/index.php\/wp-json\/wp\/v2\/comments?post=110"}],"version-history":[{"count":1,"href":"https:\/\/quadevents.ch\/index.php\/wp-json\/wp\/v2\/pages\/110\/revisions"}],"predecessor-version":[{"id":111,"href":"https:\/\/quadevents.ch\/index.php\/wp-json\/wp\/v2\/pages\/110\/revisions\/111"}],"wp:attachment":[{"href":"https:\/\/quadevents.ch\/index.php\/wp-json\/wp\/v2\/media?parent=110"}],"curies":[{"name":"wp","href":"https:\/\/api.w.org\/{rel}","templated":true}]}}