{"id":22,"date":"2023-10-29T17:34:05","date_gmt":"2023-10-29T16:34:05","guid":{"rendered":"https:\/\/vmi1484732.contaboserver.net\/?page_id=22"},"modified":"2024-09-17T15:34:53","modified_gmt":"2024-09-17T13:34:53","slug":"home","status":"publish","type":"page","link":"https:\/\/quadevents.ch\/","title":{"rendered":"Home"},"content":{"rendered":"\n<p><strong>Herzlich Willkommen bei Quadtouren Berner Oberland !<\/strong><\/p>\n\n\n\n<figure class=\"wp-block-image size-full\"><img loading=\"lazy\" decoding=\"async\" width=\"576\" height=\"768\" src=\"https:\/\/vmi1484732.contaboserver.net\/wp-content\/uploads\/2023\/10\/staubach-atv.jpg\" alt=\"\" class=\"wp-image-98\" srcset=\"https:\/\/quadevents.ch\/wp-content\/uploads\/2023\/10\/staubach-atv.jpg 576w, https:\/\/quadevents.ch\/wp-content\/uploads\/2023\/10\/staubach-atv-225x300.jpg 225w\" sizes=\"auto, (max-width: 576px) 100vw, 576px\" \/><\/figure>\n\n\n\n<figure class=\"wp-block-image size-full\"><img loading=\"lazy\" decoding=\"async\" width=\"800\" height=\"600\" src=\"https:\/\/vmi1484732.contaboserver.net\/wp-content\/uploads\/2023\/10\/quadausflug.jpg\" alt=\"\" class=\"wp-image-73\" srcset=\"https:\/\/quadevents.ch\/wp-content\/uploads\/2023\/10\/quadausflug.jpg 800w, https:\/\/quadevents.ch\/wp-content\/uploads\/2023\/10\/quadausflug-300x225.jpg 300w, https:\/\/quadevents.ch\/wp-content\/uploads\/2023\/10\/quadausflug-768x576.jpg 768w\" sizes=\"auto, (max-width: 800px) 100vw, 800px\" \/><\/figure>\n\n\n\n<figure class=\"wp-block-image size-full\"><img loading=\"lazy\" decoding=\"async\" width=\"640\" height=\"480\" src=\"https:\/\/vmi1484732.contaboserver.net\/wp-content\/uploads\/2023\/10\/quadausflug-grindelwald.jpg\" alt=\"\" class=\"wp-image-74\" srcset=\"https:\/\/quadevents.ch\/wp-content\/uploads\/2023\/10\/quadausflug-grindelwald.jpg 640w, https:\/\/quadevents.ch\/wp-content\/uploads\/2023\/10\/quadausflug-grindelwald-300x225.jpg 300w\" sizes=\"auto, (max-width: 640px) 100vw, 640px\" \/><\/figure>\n\n\n\n<p>Quadtouren Berner Oberland ist der gr\u00f6sste Anbieter von Quadtouren in der wundersch\u00f6nen Jungfrauregion. Erleben Sie mit uns einen unvergesslichen Quadausflug in der wundersch\u00f6nen Bergkulisse im Berner Oberland. Die Quadtouren eignen sich sehr gut f\u00fcr Firmenausfl\u00fcge oder Vereine. Auch grosse Gruppen sind kein Problem. Leute ohne F\u00fchrerschein k\u00f6nnen hinten auf dem Quad mitfahren und das Alpenpanorama um so mehr geniessen.<\/p>\n\n\n\n<p>Quadtouren Berner Oberland<\/p>\n\n\n\n<p>Spenglerei Balmer<\/p>\n\n\n\n<p>B\u00f6nigstrasse 9a<\/p>\n\n\n\n<p>3812 Wilderswil bei Interlaken<\/p>\n\n\n\n<p>Tel. 079 356 40 49<\/p>\n\n\n\n<p><a href=\"mailto:info@quadevents.ch?subject=Anfrage\">info@quadevents.ch<\/a><\/p>\n\n\n\n<p><strong>Usere Tourenfahrzeuge<\/strong><\/p>\n\n\n\n<p>Alle Fahrzeuge sind f\u00fcr 2 Personen zugelassen.<\/p>\n\n\n\n<figure class=\"wp-block-image size-full\"><img loading=\"lazy\" decoding=\"async\" width=\"1024\" height=\"768\" src=\"https:\/\/quadevents.ch\/wp-content\/uploads\/2023\/10\/atv-quad-standort.jpg\" alt=\"\" class=\"wp-image-49\" srcset=\"https:\/\/quadevents.ch\/wp-content\/uploads\/2023\/10\/atv-quad-standort.jpg 1024w, https:\/\/quadevents.ch\/wp-content\/uploads\/2023\/10\/atv-quad-standort-300x225.jpg 300w, https:\/\/quadevents.ch\/wp-content\/uploads\/2023\/10\/atv-quad-standort-768x576.jpg 768w\" sizes=\"auto, (max-width: 1024px) 100vw, 1024px\" \/><\/figure>\n\n\n\n<p><strong>Empfang \/ Quadbar<\/strong><\/p>\n\n\n\n<figure class=\"wp-block-image size-full\"><img loading=\"lazy\" decoding=\"async\" width=\"576\" height=\"768\" src=\"https:\/\/quadevents.ch\/wp-content\/uploads\/2023\/10\/quadbar.jpg\" alt=\"\" class=\"wp-image-75\" srcset=\"https:\/\/quadevents.ch\/wp-content\/uploads\/2023\/10\/quadbar.jpg 576w, https:\/\/quadevents.ch\/wp-content\/uploads\/2023\/10\/quadbar-225x300.jpg 225w\" sizes=\"auto, (max-width: 576px) 100vw, 576px\" \/><\/figure>\n\n\n\n<p><strong>Werkstatt<\/strong>&nbsp;<\/p>\n\n\n\n<figure class=\"wp-block-image size-full\"><img loading=\"lazy\" decoding=\"async\" width=\"640\" height=\"480\" src=\"https:\/\/quadevents.ch\/wp-content\/uploads\/2023\/10\/DSC02257-Small.jpg\" alt=\"\" class=\"wp-image-56\" srcset=\"https:\/\/quadevents.ch\/wp-content\/uploads\/2023\/10\/DSC02257-Small.jpg 640w, https:\/\/quadevents.ch\/wp-content\/uploads\/2023\/10\/DSC02257-Small-300x225.jpg 300w\" sizes=\"auto, (max-width: 640px) 100vw, 640px\" \/><\/figure>\n","protected":false},"excerpt":{"rendered":"<p>Herzlich Willkommen bei Quadtouren Berner Oberland ! Quadtouren Berner Oberland ist der gr\u00f6sste Anbieter von Quadtouren in der wundersch\u00f6nen Jungfrauregion. Erleben Sie mit uns einen unvergesslichen Quadausflug in der wundersch\u00f6nen Bergkulisse im Berner Oberland. Die Quadtouren eignen sich sehr gut f\u00fcr Firmenausfl\u00fcge oder Vereine. Auch grosse Gruppen sind kein Problem. Leute ohne F\u00fchrerschein k\u00f6nnen hinten &#8230; <span class=\"more\"><a class=\"more-link\" href=\"https:\/\/quadevents.ch\/\">[Read more&#8230;]<\/a><\/span><\/p>\n","protected":false},"author":1,"featured_media":0,"parent":0,"menu_order":0,"comment_status":"closed","ping_status":"closed","template":"","meta":{"footnotes":""},"class_list":["entry","page","publish","author-admin","post-22"],"_links":{"self":[{"href":"https:\/\/quadevents.ch\/index.php\/wp-json\/wp\/v2\/pages\/22","targetHints":{"allow":["GET"]}}],"collection":[{"href":"https:\/\/quadevents.ch\/index.php\/wp-json\/wp\/v2\/pages"}],"about":[{"href":"https:\/\/quadevents.ch\/index.php\/wp-json\/wp\/v2\/types\/page"}],"author":[{"embeddable":true,"href":"https:\/\/quadevents.ch\/index.php\/wp-json\/wp\/v2\/users\/1"}],"replies":[{"embeddable":true,"href":"https:\/\/quadevents.ch\/index.php\/wp-json\/wp\/v2\/comments?post=22"}],"version-history":[{"count":5,"href":"https:\/\/quadevents.ch\/index.php\/wp-json\/wp\/v2\/pages\/22\/revisions"}],"predecessor-version":[{"id":130,"href":"https:\/\/quadevents.ch\/index.php\/wp-json\/wp\/v2\/pages\/22\/revisions\/130"}],"wp:attachment":[{"href":"https:\/\/quadevents.ch\/index.php\/wp-json\/wp\/v2\/media?parent=22"}],"curies":[{"name":"wp","href":"https:\/\/api.w.org\/{rel}","templated":true}]}}